{"id":9,"date":"2022-06-07T14:33:51","date_gmt":"2022-06-07T06:33:51","guid":{"rendered":"http:\/\/themetest3.local\/?page_id=9"},"modified":"2025-08-26T15:08:09","modified_gmt":"2025-08-26T07:08:09","slug":"home","status":"publish","type":"page","link":"https:\/\/www.baoyuanjx.com\/pt\/home.html","title":{"rendered":"Home"},"content":{"rendered":"<section class=\"wp-block-themepark-block-themepark-slide thempark-block thenepark-slide-out undefined\" style=\"\" autoplays=\"5\"><div class=\"swiper-container thenepark-slide\"><div class=\"swiper-wrapper\"><div class=\"swiper-slide\"><div class=\"pcimgx showthetext\" style=\"height:786px;\"><div class=\"pcimg_text\" style=\"padding-top:11%;text-align:center;\"><\/div><a class=\"pcimg_pic swiper-lazy\" href=\"\" data-background=\"http:\/\/www.xuyemachine.com\/wp-content\/uploads\/2025\/03\/xuye-activated-carbon-kiln.jpg\" pcimgxal2=\"\" style=\"background:url(http:\/\/www.xuyemachine.com\/wp-content\/uploads\/2025\/03\/xuye-activated-carbon-kiln.jpg)\"><\/a><\/div><a class=\"movepic\" href=\"\"><img decoding=\"async\" class=\"movepic\" src=\"http:\/\/www.xuyemachine.com\/wp-content\/uploads\/2025\/03\/xuye-activted-machine-kiln.jpg\" alt=\"\"\/><\/a><\/div><div class=\"swiper-slide\"><div class=\"pcimgx showthetext\" style=\"height:786px;\"><div class=\"pcimg_text\" style=\"padding-top:14%;text-align:right;\"><\/div><a class=\"pcimg_pic swiper-lazy\" href=\"\" data-background=\"http:\/\/www.xuyemachine.com\/wp-content\/uploads\/2025\/03\/xuye-biochar-kiln-2.jpg\" pcimgxal2=\"\"><\/a><\/div><a class=\"movepic\" href=\"\"><img decoding=\"async\" class=\"movepic swiper-move-lazy\" data-src=\"http:\/\/www.xuyemachine.com\/wp-content\/uploads\/2025\/03\/biochar-kiln-sj.jpg\" alt=\"\" src=\"https:\/\/www.baoyuanjx.com\/wp-content\/themes\/smartenterprise\/images\/loading8.png\"\/><div class=\"swiper-lazy-preloader\"><\/div><\/a><\/div><\/div><a class=\"swiper-next\"><i class=\"fas fa-angle-right\"><\/i><\/a><a class=\"swiper-prev\"><i class=\"fas fa-angle-left\"><\/i><\/a><div class=\"pagination\"><\/div><\/div><\/section>\n\n\n\n<section class=\"wp-block-themepark-block-themepark-area block_layout thempark-block undefined bom15 top15\" id=\"\" style=\"background-color:#ffffff;padding-bottom:38px;padding-top:42px;\" data-swiper-parallax=\"-700\"><div class=\"block_layout_in\" style=\"\"><div class=\"post_in_list_head modle_title3\"><h3><span style=\"color:#8cc63f;\" class=\"main-title has-medium-font-size\">SOLU\u00c7\u00c3O DE CARV\u00c3O ATIVADO E BIOCAHR<\/span><span style=\"color:#101010;font-size:16px;\" class=\"as-title\">NOSSOS PRODUTOS E SERVI\u00c7OS<\/span><\/h3><div class=\"title_boout\"><div class=\"title_bo\" style=\"border-bottom:1px solid #ccc;\"><\/div><\/div><\/div>\n<div class=\"wp-block-column block_layout_in\">\n<section class=\"wp-block-themepark-block-themepark-listul thempark-block list_ul_box_out  Effect0 undefined showtext movetsss rabtin\" style=\"padding-bottom:20px;padding-top:20px;undefined\" swlist=\"2\" progresseffect=\"0\" autoplays=\"0\" line=\"2\" loops=\"no\"><div class=\"swiper-container showslidebox_out  listpadings showslidebox_full\"><div class=\"swiper-wrapper\"><div class=\"swiper-slide listul_box\" style=\"\"><a class=\"listul_box_img\" style=\"background:#8cc63f;border: solid 1px #8cc63f80;\" href=\"https:\/\/www.baoyuanjx.com\/pt\/chemical-process-activated-carbon-making-machine\/\"><div style=\"\" class=\"listulpic\"><img loading=\"lazy\" decoding=\"async\" class=\"swiper-lazy swiper-move-lazy lazyload\" data-src=\"http:\/\/www.xuyemachine.com\/wp-content\/uploads\/2025\/03\/activated-carbon-kiln-1-1.jpg\" src=\"https:\/\/www.baoyuanjx.com\/wp-content\/themes\/smartenterprise\/images\/loading3.png\" alt=\"ACTIVATED CARBON FURNACE\" width=\"745\" height=\"600\"\/><\/div><div class=\"boderdhs\"><i class=\"boderdhs1\" style=\"background-color:#8cc63f\"><\/i><i class=\"boderdhs2\" style=\"background-color:#8cc63f\"><\/i><i class=\"boderdhs3\" style=\"background-color:#8cc63f\"><\/i><i class=\"boderdhs4\" style=\"background-color:#8cc63f\"><\/i><\/div><div class=\"listul_box_text\" style=\"padding-top:5%;text-align:center;\"><h3 class=\"pcimg_title\" style=\"font-size:24px;color:#8cc63f;text-shadow:none;\"><span>FORNO DE CARV\u00c3O ATIVADO<\/span><\/h3><font class=\"pcimg_dis\" style=\"font-size:16px;color:#8cc63f;\"><span>Controle com precis\u00e3o a temperatura para garantir a qualidade do carv\u00e3o ativado.<\/span><\/font><span class=\"pcimg_btn\" style=\"background:#8cc63f;\">SAIBA MAIS<\/span><\/div><\/a><\/div><div class=\"swiper-slide listul_box\" style=\"\"><a class=\"listul_box_img\" style=\"background:#8cc63f;border: solid 1px #8cc63f80;\" href=\"https:\/\/www.baoyuanjx.com\/pt\/activated-carbon-rotary-kiln\/\"><div style=\"\" class=\"listulpic\"><img loading=\"lazy\" decoding=\"async\" class=\"swiper-lazy swiper-move-lazy lazyload\" data-src=\"http:\/\/www.xuyemachine.com\/wp-content\/uploads\/2025\/03\/activated-carbon-kiln-2.jpg\" src=\"https:\/\/www.baoyuanjx.com\/wp-content\/themes\/smartenterprise\/images\/loading3.png\" alt=\"ACTIVATED CARBON FURNACE\" width=\"745\" height=\"600\"\/><\/div><div class=\"boderdhs\"><i class=\"boderdhs1\" style=\"background-color:#8cc63f\"><\/i><i class=\"boderdhs2\" style=\"background-color:#8cc63f\"><\/i><i class=\"boderdhs3\" style=\"background-color:#8cc63f\"><\/i><i class=\"boderdhs4\" style=\"background-color:#8cc63f\"><\/i><\/div><div class=\"listul_box_text\" style=\"padding-top:5%;text-align:center;\"><h3 class=\"pcimg_title\" style=\"font-size:24px;color:#8cc63f;text-shadow:none;\"><span>FORNO DE CARV\u00c3O ATIVADO<\/span><\/h3><font class=\"pcimg_dis\" style=\"font-size:16px;color:#8cc63f;\"><span>Design ecologicamente correto, baixas emiss\u00f5es<\/span><\/font><span class=\"pcimg_btn\" style=\"background:#8cc63f;\">SAIBA MAIS<\/span><\/div><\/a><\/div><div class=\"swiper-slide listul_box\" style=\"\"><a class=\"listul_box_img\" style=\"background:#8cc63f;border: solid 1px #8cc63f80;\" href=\"https:\/\/www.baoyuanjx.com\/pt\/biochar-kiln\/\"><div style=\"\" class=\"listulpic\"><img loading=\"lazy\" decoding=\"async\" class=\"swiper-lazy swiper-move-lazy lazyload\" data-src=\"http:\/\/www.xuyemachine.com\/wp-content\/uploads\/2025\/03\/BIOCAHR-KILN-1.jpg\" src=\"https:\/\/www.baoyuanjx.com\/wp-content\/themes\/smartenterprise\/images\/loading3.png\" alt=\"BIOCHAR KILN\" width=\"745\" height=\"600\"\/><\/div><div class=\"boderdhs\"><i class=\"boderdhs1\" style=\"background-color:#8cc63f\"><\/i><i class=\"boderdhs2\" style=\"background-color:#8cc63f\"><\/i><i class=\"boderdhs3\" style=\"background-color:#8cc63f\"><\/i><i class=\"boderdhs4\" style=\"background-color:#8cc63f\"><\/i><\/div><div class=\"listul_box_text\" style=\"padding-top:5%;text-align:center;\"><h3 class=\"pcimg_title\" style=\"font-size:24px;color:#8cc63f;text-shadow:none;\"><span>BIOCHAR KILN<\/span><\/h3><font class=\"pcimg_dis\" style=\"font-size:16px;color:#8cc63f;\"><span>Aquecimento eficiente, economia de energia, aquecimento r\u00e1pido, consumo reduzido de energia.<\/span><\/font><span class=\"pcimg_btn\" style=\"background:#8cc63f;\">SAIBA MAIS<\/span><\/div><\/a><\/div><div class=\"swiper-slide listul_box\" style=\"\"><a class=\"listul_box_img\" style=\"background:#8cc63f;border: solid 1px #8cc63f80;\" href=\"https:\/\/www.baoyuanjx.com\/pt\/biochar-kiln\/\"><div style=\"\" class=\"listulpic\"><img loading=\"lazy\" decoding=\"async\" class=\"swiper-lazy swiper-move-lazy lazyload\" data-src=\"http:\/\/www.xuyemachine.com\/wp-content\/uploads\/2025\/03\/BIOCHAR-KILN-2.jpg\" src=\"https:\/\/www.baoyuanjx.com\/wp-content\/themes\/smartenterprise\/images\/loading3.png\" alt=\"BIOCHAR KILN\" width=\"745\" height=\"600\"\/><\/div><div class=\"boderdhs\"><i class=\"boderdhs1\" style=\"background-color:#8cc63f\"><\/i><i class=\"boderdhs2\" style=\"background-color:#8cc63f\"><\/i><i class=\"boderdhs3\" style=\"background-color:#8cc63f\"><\/i><i class=\"boderdhs4\" style=\"background-color:#8cc63f\"><\/i><\/div><div class=\"listul_box_text\" style=\"padding-top:5%;text-align:center;\"><h3 class=\"pcimg_title\" style=\"font-size:24px;color:#8cc63f;text-shadow:none;\"><span>BIOCHAR KILN<\/span><\/h3><font class=\"pcimg_dis\" style=\"font-size:16px;color:#8cc63f;\"><span>Opera\u00e7\u00e3o automatizada, redu\u00e7\u00e3o dos custos de m\u00e3o de obra, controle inteligente, f\u00e1cil opera\u00e7\u00e3o.<\/span><\/font><span class=\"pcimg_btn\" style=\"background:#8cc63f;\">SAIBA MAIS<\/span><\/div><\/a><\/div><\/div><\/div><\/section>\n<\/div>\n<\/div><div class=\"layout_badh\"><div class=\"PcOnly themepark-block_layout_ba lazyload swiper-lazy\" style=\"background-position:center;\" data-background=\"http:\/\/www.xuyemachine.com\/wp-content\/uploads\/2022\/07\/bj12.png\"><\/div><div class=\"MovePnly themepark-block_layout_ba lazyload swiper-move-lazy\" style=\"background-position:center;\" data-background=\"http:\/\/www.xuyemachine.com\/wp-content\/uploads\/2022\/07\/bj12.png\"><\/div><\/div><\/section>\n\n\n\n<section class=\"wp-block-themepark-block-themepark-area block_layout thempark-block undefined bom15 top15\" id=\"\" style=\"padding-bottom:33px;padding-top:33px;\" data-swiper-parallax=\"-700\"><div class=\"block_layout_in\" style=\"\">\n<div class=\"wp-block-column block_layout_in\">\n<section class=\"wp-block-themepark-block-themepark-icon thempark-block themepark_icon_list_out undefined  gundong\" id=\"nomo\" style=\"padding-bottom:20px;padding-top:20px;\"><div class=\"themepark_icon_list_in\" style=\"\"><div class=\"themepark_icon_lists iconl4 iconls2\" style=\"\"><a class=\"themepark_icon_box\"><div class=\"themepark_icon_box_i\"><div class=\"themepark_icon_box_i_out\"><\/div><b style=\"font-size:40px;color:#ffffff;\">8000\u33a1<\/b><\/div><div class=\"themepark_icon_box_d\" style=\"font-size:14px;color:#ffffff;\"><span>8000\u33a1 de espa\u00e7o na f\u00e1brica para uma produ\u00e7\u00e3o eficiente!<\/span><\/div><\/a><a class=\"themepark_icon_box\"><div class=\"themepark_icon_box_i\"><div class=\"themepark_icon_box_i_out\"><\/div><b style=\"font-size:40px;color:#ffffff;\">20 anos<\/b><\/div><div class=\"themepark_icon_box_d\" style=\"font-size:14px;color:#ffffff;\"><span>Experi\u00eancia em design de fornos<\/span><\/div><\/a><a class=\"themepark_icon_box\"><div class=\"themepark_icon_box_i\"><div class=\"themepark_icon_box_i_out\"><\/div><b style=\"font-size:40px;color:#ffffff;\">20+<\/b><\/div><div class=\"themepark_icon_box_d\" style=\"font-size:14px;color:#ffffff;\"><span>Solu\u00e7\u00f5es de design para mais de 20 pa\u00edses <\/span><\/div><\/a><a class=\"themepark_icon_box\"><div class=\"themepark_icon_box_i\"><div class=\"themepark_icon_box_i_out\"><\/div><b style=\"font-size:40px;color:#ffffff;\">100+<\/b><\/div><div class=\"themepark_icon_box_d\" style=\"font-size:14px;color:#ffffff;\"><span>Caso de cliente no local<\/span><\/div><\/a><\/div><\/div><\/section>\n<\/div>\n<\/div><div class=\"layout_badh\"><div class=\"shizhezhao\" style=\"opacity:0.69;background-color:#5e8b0f;\"><\/div><div class=\"PcOnly themepark-block_layout_ba lazyload swiper-lazy\" style=\"\" data-background=\"http:\/\/www.xuyemachine.com\/wp-content\/uploads\/2025\/03\/banner.jpg\"><\/div><div class=\"MovePnly themepark-block_layout_ba lazyload swiper-move-lazy\" style=\"\" data-background=\"http:\/\/www.xuyemachine.com\/wp-content\/uploads\/2025\/03\/banner.jpg\"><\/div><\/div><\/section>\n\n\n\n<section class=\"wp-block-themepark-block-themepark-area block_layout thempark-block undefined bom15 top15\" id=\"\" style=\"padding-bottom:70px;padding-top:98px;\" data-swiper-parallax=\"-700\"><div class=\"block_layout_in\" style=\"\"><div class=\"post_in_list_head modle_title2\"><h3><span style=\"color:#ffffff;\" class=\"main-title has-medium-font-size\"> MODO DE OPERA\u00c7\u00c3O COOPERATIVA E SERVI\u00c7O P\u00d3S-VENDA<\/span><\/h3><div class=\"title_boout\"><div class=\"title_bo\" style=\"border-bottom:1px solid #ccc;\"><\/div><\/div><\/div>\n<div class=\"wp-block-column block_layout_in\">\n<section class=\"wp-block-themepark-block-themepark-area block_layout thempark-block undefined\" id=\"\" style=\"padding-top:29px;\" data-swiper-parallax=\"-700\"><div class=\"block_layout_in\" style=\"\">\n<div class=\"wp-block-column block_layout_in\">\n<section class=\"wp-block-themepark-block-themepark-clon thempark-block list_swiper_tap undefined\" style=\"\"><div class=\"list_swiper_tap_in swiper-container\" rows=\"3\" ma=\"20\"><div class=\"swiper-wrapper\"><div class=\"list_swiper_tap_box swiper-slide\" style=\"\"><div class=\"list_swiper_tap_box_in\"><div class=\"l_s_t_b_img\"><img decoding=\"async\" src=\"http:\/\/www.xuyemachine.com\/wp-content\/uploads\/2025\/03\/1.jpg\"\/><\/div><div class=\"l_s_t_b_titlebox\" style=\"\"><span style=\"font-size:18px;background:#8cc63f\">Visita do cliente ao local do caso<\/span><\/div><ul class=\"l_s_t_b_ul\" style=\"font-size:14px;color:#666666;text-align:left;\"><li><i class=\"fas fa-check-circle\" style=\"color:#5e8b0f;\"><\/i>Ao fornecer casos de refer\u00eancia no local, a Xuye Machinery demonstra nossas vantagens de lideran\u00e7a no campo da produ\u00e7\u00e3o de carv\u00e3o ativado. Nosso projeto de equipamento se concentra na economia de energia e na prote\u00e7\u00e3o ambiental, melhorando a efici\u00eancia da produ\u00e7\u00e3o e garantindo a qualidade est\u00e1vel do produto.<\/li><li><a class=\"boxbtns\" style=\"font-size:12px;background:#8cc63f;\">Clique para consulta<\/a><\/li><\/ul><\/div><\/div><div class=\"list_swiper_tap_box swiper-slide\" style=\"\"><div class=\"list_swiper_tap_box_in\"><div class=\"l_s_t_b_img\"><img decoding=\"async\" src=\"http:\/\/www.xuyemachine.com\/wp-content\/uploads\/2025\/03\/2.jpg\"\/><\/div><div class=\"l_s_t_b_titlebox\" style=\"\"><span style=\"font-size:18px;background:#8cc63f\">Or\u00e7amento e desenho gratuitos<\/span><\/div><ul class=\"l_s_t_b_ul\" style=\"font-size:14px;color:#666666;text-align:left;\"><li><i class=\"fas fa-check-circle\" style=\"color:#5e8b0f;\"><\/i>Fornecemos or\u00e7amentos precisos e v\u00e1rios desenhos profissionais gratuitamente para garantir que o seu projeto possa prosseguir sem problemas, desde o planejamento at\u00e9 a implementa\u00e7\u00e3o. Seja para a sele\u00e7\u00e3o de equipamentos ou para o projeto da linha de produ\u00e7\u00e3o, nossa equipe adaptar\u00e1 a melhor solu\u00e7\u00e3o de acordo com as suas necessidades.<\/li><li><a class=\"boxbtns\" style=\"font-size:12px;background:#8cc63f;\">Clique para consulta<\/a><\/li><\/ul><\/div><\/div><div class=\"list_swiper_tap_box swiper-slide\" style=\"\"><div class=\"list_swiper_tap_box_in\"><div class=\"l_s_t_b_img\"><img decoding=\"async\" src=\"http:\/\/www.xuyemachine.com\/wp-content\/uploads\/2025\/03\/3.jpg\"\/><\/div><div class=\"l_s_t_b_titlebox\" style=\"\"><span style=\"font-size:18px;background:#8cc63f\">Servi\u00e7o turnkey<\/span><\/div><ul class=\"l_s_t_b_ul\" style=\"font-size:14px;color:#666666;text-align:left;\"><li><i class=\"fas fa-check-circle\" style=\"color:#5e8b0f;\"><\/i>Fornecemos solu\u00e7\u00f5es completas desde a instala\u00e7\u00e3o do equipamento, comissionamento at\u00e9 a opera\u00e7\u00e3o total. Seja na constru\u00e7\u00e3o da linha de produ\u00e7\u00e3o ou na otimiza\u00e7\u00e3o e comissionamento do equipamento, nossa equipe t\u00e9cnica garantir\u00e1 que todos os elos sejam precisos e eficientes, ajudando-o a obter uma produ\u00e7\u00e3o r\u00e1pida.<\/li><li><a class=\"boxbtns\" style=\"font-size:12px;background:#8cc63f;\">Clique para consulta<\/a><\/li><\/ul><\/div><\/div><\/div><a class=\"swiper-next\"><i class=\"fas fa-angle-right\"><\/i><\/a><a class=\"swiper-prev\"><i class=\"fas fa-angle-left\"><\/i><\/a><\/div><div class=\"pagination MovePnly\"><\/div><\/section>\n<\/div>\n<\/div><div class=\"layout_badh\"><\/div><\/section>\n<\/div>\n<\/div><div class=\"layout_badh\"><div class=\"shizhezhao\" style=\"opacity:0.77;background-color:#8cc63f;\"><\/div><div class=\"PcOnly themepark-block_layout_ba lazyload swiper-lazy  jttj\" style=\"background-repeat:no-repeat;background-size:cover;\" data-background=\"https:\/\/www.baoyuanjx.com\/wp-content\/uploads\/2025\/03\/activted-carbon.jpg\"><\/div><div class=\"MovePnly themepark-block_layout_ba lazyload swiper-move-lazy jttj\" style=\"background-repeat:no-repeat;background-size:cover;\" data-background=\"https:\/\/www.baoyuanjx.com\/wp-content\/uploads\/2025\/03\/activted-carbon.jpg\"><\/div><\/div><\/section>\n\n\n\n<section class=\"wp-block-themepark-block-themepark-area block_layout thempark-block undefined\" id=\"maxw\" style=\"background-color:#ffffff;padding-bottom:63px;padding-top:49px;\" data-swiper-parallax=\"-700\"><div class=\"block_layout_in\" style=\"max-width:1600px;\">\n<div class=\"wp-block-column block_layout_in\">\n<div class=\"wp-block-columns\">\n<div class=\"wp-block-column\">\n<div class=\"wp-block-themepark-block-themepark-wright content-super-p\" style=\"font-size:12px;line-height:36px;padding:10px 10px;\">\n<div class=\"wp-block-column\">\n<p class=\"has-text-align-center has-themecolor-1-color has-text-color has-link-color has-large-font-size wp-elements-18434932b4f56278329043df44d3616b\" style=\"text-transform:uppercase\"><strong>Not\u00edcias da empresa e tend\u00eancias do setor<\/strong><\/p>\n<\/div>\n<\/div>\n<\/div>\n<\/div>\n\n\n<div class=\"product_loop   mian_loop  lightcolour\" id=\"pro_list_new\"><div class=\"product_post\" style=\"background-color:#8cc63f;\"><a href=\"https:\/\/www.baoyuanjx.com\/pt\/hazelnut-shell-activated-carbon-plant.html\" class=\"product_pic postatty\" style=\"max-height:282px;\"><img loading=\"lazy\" decoding=\"async\" class=\"lazyload\"  src=\"https:\/\/www.baoyuanjx.com\/wp-content\/themes\/smartenterprise\/images\/loadings.png\"data-src=\"https:\/\/www.baoyuanjx.com\/wp-content\/uploads\/2025\/12\/xuye-activated-carbon-making-machine-case.webp\" width=\"600\" height=\"400\" alt=\"\u00a0Henan Xuye Machinery Successfully Installs Haz...\" title=\"\u00a0Henan Xuye Machinery Successfully Installs Haz...\"\/><\/a><div class=\"product_info\"><div class=\"postdes\"><span><i class=\"fa fa-calendar\"><\/i>2025-12-22<\/span><\/div><h3 class=\"pro_title\"><a href=\"https:\/\/www.baoyuanjx.com\/pt\/hazelnut-shell-activated-carbon-plant.html\">\u00a0Henan Xuye Machinery Successfully Installs Hazelnut Shell Activated Carbon Plant in Turkey, Turning Waste into Value<\/a><\/h3><p class=\"des\">Henan Xuye Machinery has successfully commissioned a complete hazelnut shell activated carbon production line for a Turkish client. This project converts agricultural waste into high-value activated carbon, achieving a win-win for economy and environmental protection. Explore Xuye&#8217;s advanced biomass carbonization solutions.<\/p><a  class=\"newbtn\"href=\"https:\/\/www.baoyuanjx.com\/pt\/hazelnut-shell-activated-carbon-plant.html\"><i class=\"fas fa-angle-right\"><\/i>Ver detalhes<\/a><\/div><\/div><div class=\"product_post\" style=\"background-color:#8cc63f;\"><a href=\"https:\/\/www.baoyuanjx.com\/pt\/rotary-activation-furnaces.html\" class=\"product_pic postatty\" style=\"max-height:219px;\"\"><img loading=\"lazy\" decoding=\"async\" class=\"lazyload\"  src=\"https:\/\/www.baoyuanjx.com\/wp-content\/themes\/smartenterprise\/images\/loadings.png\"data-src=\"https:\/\/www.baoyuanjx.com\/wp-content\/uploads\/2025\/12\/activated-carbon-furnace.webp\" width=\"600\" height=\"400\" alt=\"Core Applications and Technological Innovations...\" title=\"Core Applications and Technological Innovations...\"\/><\/a><div class=\"product_info\"><div class=\"postdes\"><span><i class=\"fa fa-calendar\"><\/i>2025-12-03<\/span><\/div><h3 class=\"pro_title\"><a href=\"https:\/\/www.baoyuanjx.com\/pt\/rotary-activation-furnaces.html\">Core Applications and Technological Innovations of Rotary Activation Furnaces in Activated Carbon Production<\/a><\/h3><p class=\"des\">Customized activated carbon kiln specifications according to customer needs, providing full technical solutions from laboratory-level small equipment to large production lines, supporting PLC automation control.<\/p><\/div><\/div><div class=\"product_post\" style=\"background-color:#8cc63f;\"><a href=\"https:\/\/www.baoyuanjx.com\/pt\/high-value-regeneration-of-powdered-waste-activated-carbon-pathways-for-technological-innovation-and-industrial-upgrading.html\" class=\"product_pic postatty\" style=\"max-height:219px;\"\"><img loading=\"lazy\" decoding=\"async\" class=\"lazyload\"  src=\"https:\/\/www.baoyuanjx.com\/wp-content\/themes\/smartenterprise\/images\/loadings.png\"data-src=\"https:\/\/www.baoyuanjx.com\/wp-content\/uploads\/2025\/11\/Activated-carbon-regeneration-furnace-1.webp\" width=\"600\" height=\"400\" alt=\"High-value regeneration of powdered waste activ...\" title=\"High-value regeneration of powdered waste activ...\"\/><\/a><div class=\"product_info\"><div class=\"postdes\"><span><i class=\"fa fa-calendar\"><\/i>2025-11-05<\/span><\/div><h3 class=\"pro_title\"><a href=\"https:\/\/www.baoyuanjx.com\/pt\/high-value-regeneration-of-powdered-waste-activated-carbon-pathways-for-technological-innovation-and-industrial-upgrading.html\">High-value regeneration of powdered waste activated carbon: Pathways for technological innovation and industrial upgrading<\/a><\/h3><p class=\"des\">Customized activated carbon kiln specifications according to customer needs, providing full technical solutions from laboratory-level small equipment to large production lines, supporting PLC automation control.<\/p><\/div><\/div><div class=\"product_post\" style=\"background-color:#8cc63f;\"><a href=\"https:\/\/www.baoyuanjx.com\/pt\/xuye-carbonization-furnace.html\" class=\"product_pic postatty\" style=\"max-height:219px;\"\"><img loading=\"lazy\" decoding=\"async\" class=\"lazyload\"  src=\"https:\/\/www.baoyuanjx.com\/wp-content\/themes\/smartenterprise\/images\/loadings.png\"data-src=\"https:\/\/www.baoyuanjx.com\/wp-content\/uploads\/2025\/06\/coconut-shell.jpg\" width=\"600\" height=\"500\" alt=\"Why can&#8217;t many manufacturers sell coconut...\" title=\"Why can&#8217;t many manufacturers sell coconut...\"\/><\/a><div class=\"product_info\"><div class=\"postdes\"><span><i class=\"fa fa-calendar\"><\/i>2025-06-11<\/span><\/div><h3 class=\"pro_title\"><a href=\"https:\/\/www.baoyuanjx.com\/pt\/xuye-carbonization-furnace.html\">Why can&#8217;t many manufacturers sell coconut shell carbonized materials at a high price?<\/a><\/h3><p class=\"des\">Customized activated carbon kiln specifications according to customer needs, providing full technical solutions from laboratory-level small equipment to large production lines, supporting PLC automation control.<\/p><\/div><\/div><div class=\"product_post\" style=\"background-color:#8cc63f;\"><a href=\"https:\/\/www.baoyuanjx.com\/pt\/advantages-of-coconut-shell-activated-carbon.html\" class=\"product_pic postatty\" style=\"max-height:219px;\"\"><img loading=\"lazy\" decoding=\"async\" class=\"lazyload\"  src=\"https:\/\/www.baoyuanjx.com\/wp-content\/themes\/smartenterprise\/images\/loadings.png\"data-src=\"https:\/\/www.baoyuanjx.com\/wp-content\/uploads\/2025\/05\/activated-carbon-1.jpg\" width=\"600\" height=\"500\" alt=\"The advantages of coconut shell activated carbo...\" title=\"The advantages of coconut shell activated carbo...\"\/><\/a><div class=\"product_info\"><div class=\"postdes\"><span><i class=\"fa fa-calendar\"><\/i>2025-05-26<\/span><\/div><h3 class=\"pro_title\"><a href=\"https:\/\/www.baoyuanjx.com\/pt\/advantages-of-coconut-shell-activated-carbon.html\">The advantages of coconut shell activated carbon in gold refining, you will understand after reading this!<\/a><\/h3><p class=\"des\">Specialized in the production of activated carbon kilns for water treatment, air purification, gold extraction and other fields.<\/p><\/div><\/div><\/div><\/div>\n<\/div><div class=\"layout_badh\"><\/div><\/section>","protected":false},"excerpt":{"rendered":"","protected":false},"author":2,"featured_media":0,"parent":0,"menu_order":0,"comment_status":"open","ping_status":"closed","template":"","meta":{"themepark_post_bcolor":"#f5f5f5","themepark_post_width":"100% dong","themepark_post_img":"","themepark_post_img_po":"left","themepark_post_img_re":false,"themepark_post_img_cover":false,"themepark_post_img_fixed":false,"themepark_post_hide_title":true,"themepark_post_main_b":"","themepark_post_main_p":100,"themepark_paddingblock":true,"footnotes":""},"class_list":["post-9","page","type-page","status-publish","hentry"],"_links":{"self":[{"href":"https:\/\/www.baoyuanjx.com\/pt\/wp-json\/wp\/v2\/pages\/9","targetHints":{"allow":["GET"]}}],"collection":[{"href":"https:\/\/www.baoyuanjx.com\/pt\/wp-json\/wp\/v2\/pages"}],"about":[{"href":"https:\/\/www.baoyuanjx.com\/pt\/wp-json\/wp\/v2\/types\/page"}],"author":[{"embeddable":true,"href":"https:\/\/www.baoyuanjx.com\/pt\/wp-json\/wp\/v2\/users\/2"}],"replies":[{"embeddable":true,"href":"https:\/\/www.baoyuanjx.com\/pt\/wp-json\/wp\/v2\/comments?post=9"}],"version-history":[{"count":32,"href":"https:\/\/www.baoyuanjx.com\/pt\/wp-json\/wp\/v2\/pages\/9\/revisions"}],"predecessor-version":[{"id":6811,"href":"https:\/\/www.baoyuanjx.com\/pt\/wp-json\/wp\/v2\/pages\/9\/revisions\/6811"}],"wp:attachment":[{"href":"https:\/\/www.baoyuanjx.com\/pt\/wp-json\/wp\/v2\/media?parent=9"}],"curies":[{"name":"wp","href":"https:\/\/api.w.org\/{rel}","templated":true}]}}