{"id":11,"date":"2022-06-07T14:34:03","date_gmt":"2022-06-07T06:34:03","guid":{"rendered":"http:\/\/themetest3.local\/?page_id=11"},"modified":"2025-08-26T15:07:54","modified_gmt":"2025-08-26T07:07:54","slug":"about-us","status":"publish","type":"page","link":"https:\/\/www.baoyuanjx.com\/pt\/about-us.html","title":{"rendered":"About US"},"content":{"rendered":"<section class=\"wp-block-themepark-block-themepark-area block_layout thempark-block undefined bom30 top30\" id=\"\" style=\"background-color:#6bc42b;padding-bottom:192px;padding-top:183px;\" data-swiper-parallax=\"-700\"><div class=\"block_layout_in\" style=\"\">\n<div class=\"wp-block-column block_layout_in\">\n<h1 class=\"wp-block-heading has-text-align-center has-monte-white-color has-text-color has-large-font-size\">SOBRE N\u00d3S<\/h1>\n\n\n\n<p class=\"has-text-align-center has-monte-white-color has-text-color has-normal-font-size\">                                    A Xuye \u00e9 especializada na fabrica\u00e7\u00e3o de equipamentos de linha de produ\u00e7\u00e3o de carv\u00e3o ativado e biomassa de alta qualidade. <\/p>\n\n\n\n<p class=\"has-text-align-center has-monte-white-color has-text-color has-normal-font-size\">                               que fornecem solu\u00e7\u00f5es eficientes e ecologicamente corretas para os setores que se concentram na sustentabilidade e na convers\u00e3o de res\u00edduos em recursos.<\/p>\n<\/div>\n<\/div><div class=\"layout_badh\"><div class=\"shizhezhao\" style=\"opacity:0.84;background-color:#8cc63f;\"><\/div><div class=\"PcOnly themepark-block_layout_ba lazyload swiper-lazy\" style=\"background-repeat:no-repeat;background-size:cover;\" data-background=\"http:\/\/www.xuyemachine.com\/wp-content\/uploads\/2025\/03\/banner-01.jpg\"><\/div><div class=\"MovePnly themepark-block_layout_ba lazyload swiper-move-lazy\" style=\"background-repeat:no-repeat;background-size:cover;\" data-background=\"http:\/\/www.xuyemachine.com\/wp-content\/uploads\/2025\/03\/banner-01.jpg\"><\/div><\/div><\/section>\n\n\n\n<section class=\"wp-block-themepark-block-themepark-area block_layout thempark-block undefined bom15 top15\" id=\"\" style=\"padding-bottom:23px;padding-top:28px;\" data-swiper-parallax=\"-700\"><div class=\"block_layout_in\" style=\"\">\n<div class=\"wp-block-column block_layout_in\">\n<div class=\"wp-block-themepark-block-themepark-wright content-super-p\" style=\"font-size:16px;line-height:25px;color:#666666;padding:10px 10px;\">\n<div class=\"wp-block-column\">\n<p>A Henan Xuye Machinery Equipment Co., Ltd. \u00e9 uma empresa l\u00edder especializada no projeto e na fabrica\u00e7\u00e3o de equipamentos de linha de produ\u00e7\u00e3o de carv\u00e3o ativado de alta qualidade e dispositivos de carboniza\u00e7\u00e3o de biomassa. Com um forte compromisso com a sustentabilidade ambiental e a tecnologia inovadora, a Xuye oferece solu\u00e7\u00f5es confi\u00e1veis e eficientes para os setores em todo o mundo.<\/p>\n\n\n\n<p>Nossos equipamentos de linha de produ\u00e7\u00e3o de carv\u00e3o ativado s\u00e3o projetados para atender \u00e0s diversas necessidades de v\u00e1rios setores, incluindo purifica\u00e7\u00e3o de \u00e1gua, filtragem de ar e aplica\u00e7\u00f5es industriais. Ao incorporar tecnologia avan\u00e7ada, garantimos que nossos equipamentos produzam carv\u00e3o ativado com qualidade e efici\u00eancia excepcionais, ajudando as empresas a atingir suas metas ambientais e operacionais.<\/p>\n\n\n\n<p>Al\u00e9m disso, a Xuye est\u00e1 na vanguarda do setor de carboniza\u00e7\u00e3o de biomassa, fornecendo equipamentos de carboniza\u00e7\u00e3o de biomassa de \u00faltima gera\u00e7\u00e3o que convertem res\u00edduos org\u00e2nicos em biochar valioso. Esse processo n\u00e3o apenas ajuda a reduzir o desperd\u00edcio, mas tamb\u00e9m contribui para o gerenciamento sustent\u00e1vel de recursos. Nosso equipamento de biochar promove pr\u00e1ticas ecologicamente corretas, aumentando a fertilidade do solo e reduzindo as emiss\u00f5es de gases de efeito estufa.<\/p>\n\n\n\n<p>Na Xuye, priorizamos a satisfa\u00e7\u00e3o do cliente e a responsabilidade ambiental. Nossa equipe de especialistas se dedica a oferecer solu\u00e7\u00f5es personalizadas que se alinham \u00e0s necessidades de nossos clientes, garantindo desempenho ideal, economia e conformidade com os padr\u00f5es do setor. Com anos de experi\u00eancia e uma s\u00f3lida reputa\u00e7\u00e3o no setor, a Xuye continua a liderar o fornecimento de equipamentos avan\u00e7ados e ecologicamente corretos para carv\u00e3o ativado e carboniza\u00e7\u00e3o de biomassa.<\/p>\n<\/div>\n<\/div>\n\n\n\n<div class=\"wp-block-columns\">\n<div class=\"wp-block-column\">\n<section class=\"wp-block-themepark-block-themepark-imgtext thempark-block themepark_imgtext updonwmodle padingmodle leftright moveupd  undefined\" style=\"padding-top:52px;\"><div class=\"themepark_imgtext_text\" style=\"width:7%;text-align:right;\" data-swiper-parallax=\"-1600\">\n<div class=\"wp-block-column\">\n<p class=\"has-small-font-size\"><\/p>\n\n\n\n<h2 class=\"wp-block-heading has-monte-grey-color has-text-color has-large-font-size\">Solu\u00e7\u00f5es de projetos turnkey<\/h2>\n\n\n\n<p class=\"has-text-align-left\">A Xuye Company \u00e9 especializada no fornecimento de solu\u00e7\u00f5es de engenharia de equipamentos prontos para uso e tem o compromisso de oferecer aos clientes servi\u00e7os abrangentes e completos. Desde a sele\u00e7\u00e3o de equipamentos, o projeto, a fabrica\u00e7\u00e3o at\u00e9 a instala\u00e7\u00e3o e o comissionamento, adaptamos a melhor linha de produ\u00e7\u00e3o para voc\u00ea a fim de garantir a implementa\u00e7\u00e3o eficiente e tranquila do projeto.<\/p>\n\n\n\n<p><\/p>\n<\/div>\n<\/div><div class=\"themepark_imgtext_img\" style=\"width:90%;text-align:right;\" data-swiper-parallax=\"-1800\"><img class=\"lazyload  swiper-lazy swiper-move-lazy\" style=\"\" data-src=\"http:\/\/www.xuyemachine.com\/wp-content\/uploads\/2025\/03\/xuye-worker-1.jpg\" alt=\"\"\/><\/div><div class=\"themepark_imgtext_ba\" style=\"opacity:1;\"><\/div><\/section>\n<\/div>\n\n\n\n<div class=\"wp-block-column\">\n<section class=\"wp-block-themepark-block-themepark-imgtext thempark-block themepark_imgtext updonwmodle padingmodle moveupd  undefined\" style=\"padding-top:56px;\"><div class=\"themepark_imgtext_img\" style=\"width:46%;text-align:left;\" data-swiper-parallax=\"-1800\"><figure class=\"wp-block-video\"><video class=\"themepark_imgtext_vidio\" poster=\"http:\/\/www.xuyemachine.com\/wp-content\/uploads\/2022\/06\/aboutgo2.jpg\" src=\"http:\/\/www.xuyemachine.com\/wp-content\/uploads\/2025\/03\/xuye-activated-carbon-kiln.mp4\" controls preload=\"auto\" loop><source src=\"http:\/\/www.xuyemachine.com\/wp-content\/uploads\/2025\/03\/xuye-activated-carbon-kiln.mp4\" type=\"video\/mp4\"\/><\/video><\/figure><img class=\"lazyload  swiper-lazy swiper-move-lazy\" style=\"\" data-src=\"http:\/\/www.xuyemachine.com\/wp-content\/uploads\/2022\/06\/aboutgo2.jpg\" alt=\"\"\/><\/div><div class=\"themepark_imgtext_text\" style=\"width:51%;text-align:left;\" data-swiper-parallax=\"-1600\">\n<div class=\"wp-block-column\">\n<p class=\"has-small-font-size\"><\/p>\n\n\n\n<h2 class=\"wp-block-heading has-monte-grey-color has-text-color has-large-font-size\">Servi\u00e7o de alto padr\u00e3o<\/h2>\n\n\n\n<section class=\"wp-block-themepark-block-themepark-listbox thempark-block themepark_listbox\" style=\"padding-top:5px;text-align:left;\"><ul class=\"themepark_listbox_list\" style=\"padding-left:0%;padding-right:2%;\"><li style=\"color:#272727;font-size:14px;line-height:24px;margin-bottom:3px;padding-left:29px;\"><i class=\"fas fa-check-square\" style=\"line-height:24px\"><\/i><span>A Xuye tem o compromisso de fornecer equipamentos de alta qualidade, usando tecnologia de fabrica\u00e7\u00e3o avan\u00e7ada e controle de qualidade rigoroso.<\/span><\/li><li style=\"color:#272727;font-size:14px;line-height:24px;margin-bottom:3px;padding-left:29px;\"><i class=\"fas fa-check-square\" style=\"line-height:24px\"><\/i><span>Oferecemos aos clientes servi\u00e7os p\u00f3s-venda abrangentes, incluindo instala\u00e7\u00e3o e comissionamento de equipamentos, treinamento t\u00e9cnico e solu\u00e7\u00e3o de problemas.<\/span><\/li><li style=\"color:#272727;font-size:14px;line-height:24px;margin-bottom:3px;padding-left:29px;\"><i class=\"fas fa-check-square\" style=\"line-height:24px\"><\/i><span>De acordo com as diferentes necessidades dos clientes, a Xuye oferece solu\u00e7\u00f5es sob medida para garantir que o equipamento alcance os melhores resultados em aplica\u00e7\u00f5es espec\u00edficas.<\/span><\/li><li style=\"color:#272727;font-size:14px;line-height:24px;margin-bottom:3px;padding-left:29px;\"><i class=\"fas fa-check-square\" style=\"line-height:24px\"><\/i><span>A Xuye oferece aos clientes suporte t\u00e9cnico de longo prazo para garantir a opera\u00e7\u00e3o est\u00e1vel dos equipamentos, ajudando-os a melhorar a efici\u00eancia da produ\u00e7\u00e3o e a economizar custos.<\/span><\/li><\/ul><div class=\"themepark_listbox_ba\" style=\"opacity:1;\"><\/div><\/section>\n<\/div>\n<\/div><div class=\"themepark_imgtext_ba\" style=\"opacity:1;\"><\/div><\/section>\n\n\n\n<p><\/p>\n<\/div>\n<\/div>\n<\/div>\n<\/div><div class=\"layout_badh\"><\/div><\/section>\n\n\n\n<p><\/p>","protected":false},"excerpt":{"rendered":"","protected":false},"author":2,"featured_media":0,"parent":0,"menu_order":0,"comment_status":"open","ping_status":"closed","template":"","meta":{"themepark_post_bcolor":"#f5f5f5","themepark_post_width":"100% dong","themepark_post_img":"","themepark_post_img_po":"left","themepark_post_img_re":false,"themepark_post_img_cover":false,"themepark_post_img_fixed":false,"themepark_post_hide_title":true,"themepark_post_main_b":"","themepark_post_main_p":100,"themepark_paddingblock":true,"footnotes":""},"class_list":["post-11","page","type-page","status-publish","hentry"],"_links":{"self":[{"href":"https:\/\/www.baoyuanjx.com\/pt\/wp-json\/wp\/v2\/pages\/11","targetHints":{"allow":["GET"]}}],"collection":[{"href":"https:\/\/www.baoyuanjx.com\/pt\/wp-json\/wp\/v2\/pages"}],"about":[{"href":"https:\/\/www.baoyuanjx.com\/pt\/wp-json\/wp\/v2\/types\/page"}],"author":[{"embeddable":true,"href":"https:\/\/www.baoyuanjx.com\/pt\/wp-json\/wp\/v2\/users\/2"}],"replies":[{"embeddable":true,"href":"https:\/\/www.baoyuanjx.com\/pt\/wp-json\/wp\/v2\/comments?post=11"}],"version-history":[{"count":4,"href":"https:\/\/www.baoyuanjx.com\/pt\/wp-json\/wp\/v2\/pages\/11\/revisions"}],"predecessor-version":[{"id":6404,"href":"https:\/\/www.baoyuanjx.com\/pt\/wp-json\/wp\/v2\/pages\/11\/revisions\/6404"}],"wp:attachment":[{"href":"https:\/\/www.baoyuanjx.com\/pt\/wp-json\/wp\/v2\/media?parent=11"}],"curies":[{"name":"wp","href":"https:\/\/api.w.org\/{rel}","templated":true}]}}