{"id":11,"date":"2022-06-07T14:34:03","date_gmt":"2022-06-07T06:34:03","guid":{"rendered":"http:\/\/themetest3.local\/?page_id=11"},"modified":"2025-08-26T15:07:54","modified_gmt":"2025-08-26T07:07:54","slug":"about-us","status":"publish","type":"page","link":"https:\/\/www.baoyuanjx.com\/fr\/about-us.html","title":{"rendered":"About US"},"content":{"rendered":"<section class=\"wp-block-themepark-block-themepark-area block_layout thempark-block undefined bom30 top30\" id=\"\" style=\"background-color:#6bc42b;padding-bottom:192px;padding-top:183px;\" data-swiper-parallax=\"-700\"><div class=\"block_layout_in\" style=\"\">\n<div class=\"wp-block-column block_layout_in\">\n<h1 class=\"wp-block-heading has-text-align-center has-monte-white-color has-text-color has-large-font-size\">\u00c0 PROPOS DE NOUS<\/h1>\n\n\n\n<p class=\"has-text-align-center has-monte-white-color has-text-color has-normal-font-size\">                                    Xuye est sp\u00e9cialis\u00e9 dans la fabrication d'\u00e9quipements de production de charbon actif et de biomasse de haute qualit\u00e9. <\/p>\n\n\n\n<p class=\"has-text-align-center has-monte-white-color has-text-color has-normal-font-size\">                               des dispositifs de carbonisation, offrant des solutions efficaces et respectueuses de l'environnement aux industries qui se concentrent sur la durabilit\u00e9 et la conversion des d\u00e9chets en ressources.<\/p>\n<\/div>\n<\/div><div class=\"layout_badh\"><div class=\"shizhezhao\" style=\"opacity:0.84;background-color:#8cc63f;\"><\/div><div class=\"PcOnly themepark-block_layout_ba lazyload swiper-lazy\" style=\"background-repeat:no-repeat;background-size:cover;\" data-background=\"http:\/\/www.xuyemachine.com\/wp-content\/uploads\/2025\/03\/banner-01.jpg\"><\/div><div class=\"MovePnly themepark-block_layout_ba lazyload swiper-move-lazy\" style=\"background-repeat:no-repeat;background-size:cover;\" data-background=\"http:\/\/www.xuyemachine.com\/wp-content\/uploads\/2025\/03\/banner-01.jpg\"><\/div><\/div><\/section>\n\n\n\n<section class=\"wp-block-themepark-block-themepark-area block_layout thempark-block undefined bom15 top15\" id=\"\" style=\"padding-bottom:23px;padding-top:28px;\" data-swiper-parallax=\"-700\"><div class=\"block_layout_in\" style=\"\">\n<div class=\"wp-block-column block_layout_in\">\n<div class=\"wp-block-themepark-block-themepark-wright content-super-p\" style=\"font-size:16px;line-height:25px;color:#666666;padding:10px 10px;\">\n<div class=\"wp-block-column\">\n<p>Henan Xuye Machinery Equipment Co. est une entreprise de premier plan sp\u00e9cialis\u00e9e dans la conception et la fabrication d'\u00e9quipements de ligne de production de charbon actif et de dispositifs de carbonisation de la biomasse de haute qualit\u00e9. Forte de son engagement en faveur de la durabilit\u00e9 environnementale et de la technologie innovante, Xuye propose des solutions fiables et efficaces aux industries du monde entier.<\/p>\n\n\n\n<p>Notre ligne de production de charbon actif est con\u00e7ue pour r\u00e9pondre aux besoins divers de diff\u00e9rents secteurs, notamment la purification de l'eau, la filtration de l'air et les applications industrielles. En int\u00e9grant des technologies de pointe, nous nous assurons que notre \u00e9quipement produit du charbon actif avec une qualit\u00e9 et une efficacit\u00e9 exceptionnelles, aidant ainsi les entreprises \u00e0 atteindre leurs objectifs environnementaux et op\u00e9rationnels.<\/p>\n\n\n\n<p>En outre, Xuye est \u00e0 la pointe de l'industrie de la carbonisation de la biomasse, fournissant un \u00e9quipement de carbonisation de la biomasse \u00e0 la pointe de la technologie qui convertit les d\u00e9chets organiques en biochar de grande valeur. Ce processus permet non seulement de r\u00e9duire les d\u00e9chets, mais contribue \u00e9galement \u00e0 la gestion durable des ressources. Notre \u00e9quipement de biochar favorise les pratiques \u00e9cologiques en am\u00e9liorant la fertilit\u00e9 des sols et en r\u00e9duisant les \u00e9missions de gaz \u00e0 effet de serre.<\/p>\n\n\n\n<p>Chez Xuye, nous accordons la priorit\u00e9 \u00e0 la satisfaction du client et \u00e0 la responsabilit\u00e9 environnementale. Notre \u00e9quipe d'experts se consacre \u00e0 offrir des solutions sur mesure qui s'alignent sur les besoins de nos clients, en garantissant des performances optimales, la rentabilit\u00e9 et la conformit\u00e9 aux normes industrielles. Avec des ann\u00e9es d'exp\u00e9rience et une solide r\u00e9putation dans l'industrie, Xuye continue de montrer la voie en fournissant des \u00e9quipements avanc\u00e9s et \u00e9cologiques pour le charbon actif et la carbonisation de la biomasse.<\/p>\n<\/div>\n<\/div>\n\n\n\n<div class=\"wp-block-columns\">\n<div class=\"wp-block-column\">\n<section class=\"wp-block-themepark-block-themepark-imgtext thempark-block themepark_imgtext updonwmodle padingmodle leftright moveupd  undefined\" style=\"padding-top:52px;\"><div class=\"themepark_imgtext_text\" style=\"width:7%;text-align:right;\" data-swiper-parallax=\"-1600\">\n<div class=\"wp-block-column\">\n<p class=\"has-small-font-size\"><\/p>\n\n\n\n<h2 class=\"wp-block-heading has-monte-grey-color has-text-color has-large-font-size\">Solutions de projets cl\u00e9s en main<\/h2>\n\n\n\n<p class=\"has-text-align-left\">La soci\u00e9t\u00e9 Xuye est sp\u00e9cialis\u00e9e dans la fourniture de solutions d'ing\u00e9nierie d'\u00e9quipements cl\u00e9s en main et s'engage \u00e0 fournir \u00e0 ses clients des services complets \u00e0 guichet unique. Depuis la s\u00e9lection des \u00e9quipements, la conception, la fabrication jusqu'\u00e0 l'installation et la mise en service, nous concevons la meilleure ligne de production pour vous afin d'assurer une mise en \u0153uvre efficace et sans heurts du projet.<\/p>\n\n\n\n<p><\/p>\n<\/div>\n<\/div><div class=\"themepark_imgtext_img\" style=\"width:90%;text-align:right;\" data-swiper-parallax=\"-1800\"><img class=\"lazyload  swiper-lazy swiper-move-lazy\" style=\"\" data-src=\"http:\/\/www.xuyemachine.com\/wp-content\/uploads\/2025\/03\/xuye-worker-1.jpg\" alt=\"\"\/><\/div><div class=\"themepark_imgtext_ba\" style=\"opacity:1;\"><\/div><\/section>\n<\/div>\n\n\n\n<div class=\"wp-block-column\">\n<section class=\"wp-block-themepark-block-themepark-imgtext thempark-block themepark_imgtext updonwmodle padingmodle moveupd  undefined\" style=\"padding-top:56px;\"><div class=\"themepark_imgtext_img\" style=\"width:46%;text-align:left;\" data-swiper-parallax=\"-1800\"><figure class=\"wp-block-video\"><video class=\"themepark_imgtext_vidio\" poster=\"http:\/\/www.xuyemachine.com\/wp-content\/uploads\/2022\/06\/aboutgo2.jpg\" src=\"http:\/\/www.xuyemachine.com\/wp-content\/uploads\/2025\/03\/xuye-activated-carbon-kiln.mp4\" controls preload=\"auto\" loop><source src=\"http:\/\/www.xuyemachine.com\/wp-content\/uploads\/2025\/03\/xuye-activated-carbon-kiln.mp4\" type=\"video\/mp4\"\/><\/video><\/figure><img class=\"lazyload  swiper-lazy swiper-move-lazy\" style=\"\" data-src=\"http:\/\/www.xuyemachine.com\/wp-content\/uploads\/2022\/06\/aboutgo2.jpg\" alt=\"\"\/><\/div><div class=\"themepark_imgtext_text\" style=\"width:51%;text-align:left;\" data-swiper-parallax=\"-1600\">\n<div class=\"wp-block-column\">\n<p class=\"has-small-font-size\"><\/p>\n\n\n\n<h2 class=\"wp-block-heading has-monte-grey-color has-text-color has-large-font-size\">Un service de qualit\u00e9<\/h2>\n\n\n\n<section class=\"wp-block-themepark-block-themepark-listbox thempark-block themepark_listbox\" style=\"padding-top:5px;text-align:left;\"><ul class=\"themepark_listbox_list\" style=\"padding-left:0%;padding-right:2%;\"><li style=\"color:#272727;font-size:14px;line-height:24px;margin-bottom:3px;padding-left:29px;\"><i class=\"fas fa-check-square\" style=\"line-height:24px\"><\/i><span>Xuye s'engage \u00e0 fournir des \u00e9quipements de haute qualit\u00e9, en utilisant une technologie de fabrication avanc\u00e9e et un contr\u00f4le de qualit\u00e9 strict.<\/span><\/li><li style=\"color:#272727;font-size:14px;line-height:24px;margin-bottom:3px;padding-left:29px;\"><i class=\"fas fa-check-square\" style=\"line-height:24px\"><\/i><span>Nous fournissons \u00e0 nos clients des services apr\u00e8s-vente complets, y compris l'installation et la mise en service des \u00e9quipements, la formation technique et la r\u00e9solution des probl\u00e8mes.<\/span><\/li><li style=\"color:#272727;font-size:14px;line-height:24px;margin-bottom:3px;padding-left:29px;\"><i class=\"fas fa-check-square\" style=\"line-height:24px\"><\/i><span>En fonction des diff\u00e9rents besoins des clients, Xuye fournit des solutions sur mesure pour garantir que l'\u00e9quipement donne les meilleurs r\u00e9sultats dans des applications sp\u00e9cifiques.<\/span><\/li><li style=\"color:#272727;font-size:14px;line-height:24px;margin-bottom:3px;padding-left:29px;\"><i class=\"fas fa-check-square\" style=\"line-height:24px\"><\/i><span>Xuye fournit \u00e0 ses clients une assistance technique \u00e0 long terme afin de garantir le fonctionnement stable des \u00e9quipements, ce qui permet aux clients d'am\u00e9liorer l'efficacit\u00e9 de leur production et de r\u00e9duire leurs co\u00fbts.<\/span><\/li><\/ul><div class=\"themepark_listbox_ba\" style=\"opacity:1;\"><\/div><\/section>\n<\/div>\n<\/div><div class=\"themepark_imgtext_ba\" style=\"opacity:1;\"><\/div><\/section>\n\n\n\n<p><\/p>\n<\/div>\n<\/div>\n<\/div>\n<\/div><div class=\"layout_badh\"><\/div><\/section>\n\n\n\n<p><\/p>","protected":false},"excerpt":{"rendered":"","protected":false},"author":2,"featured_media":0,"parent":0,"menu_order":0,"comment_status":"open","ping_status":"closed","template":"","meta":{"themepark_post_bcolor":"#f5f5f5","themepark_post_width":"100% dong","themepark_post_img":"","themepark_post_img_po":"left","themepark_post_img_re":false,"themepark_post_img_cover":false,"themepark_post_img_fixed":false,"themepark_post_hide_title":true,"themepark_post_main_b":"","themepark_post_main_p":100,"themepark_paddingblock":true,"footnotes":""},"class_list":["post-11","page","type-page","status-publish","hentry"],"_links":{"self":[{"href":"https:\/\/www.baoyuanjx.com\/fr\/wp-json\/wp\/v2\/pages\/11","targetHints":{"allow":["GET"]}}],"collection":[{"href":"https:\/\/www.baoyuanjx.com\/fr\/wp-json\/wp\/v2\/pages"}],"about":[{"href":"https:\/\/www.baoyuanjx.com\/fr\/wp-json\/wp\/v2\/types\/page"}],"author":[{"embeddable":true,"href":"https:\/\/www.baoyuanjx.com\/fr\/wp-json\/wp\/v2\/users\/2"}],"replies":[{"embeddable":true,"href":"https:\/\/www.baoyuanjx.com\/fr\/wp-json\/wp\/v2\/comments?post=11"}],"version-history":[{"count":4,"href":"https:\/\/www.baoyuanjx.com\/fr\/wp-json\/wp\/v2\/pages\/11\/revisions"}],"predecessor-version":[{"id":6404,"href":"https:\/\/www.baoyuanjx.com\/fr\/wp-json\/wp\/v2\/pages\/11\/revisions\/6404"}],"wp:attachment":[{"href":"https:\/\/www.baoyuanjx.com\/fr\/wp-json\/wp\/v2\/media?parent=11"}],"curies":[{"name":"wp","href":"https:\/\/api.w.org\/{rel}","templated":true}]}}