{"id":11,"date":"2022-06-07T14:34:03","date_gmt":"2022-06-07T06:34:03","guid":{"rendered":"http:\/\/themetest3.local\/?page_id=11"},"modified":"2025-08-26T15:07:54","modified_gmt":"2025-08-26T07:07:54","slug":"about-us","status":"publish","type":"page","link":"https:\/\/www.baoyuanjx.com\/es\/about-us.html","title":{"rendered":"About US"},"content":{"rendered":"<section class=\"wp-block-themepark-block-themepark-area block_layout thempark-block undefined bom30 top30\" id=\"\" style=\"background-color:#6bc42b;padding-bottom:192px;padding-top:183px;\" data-swiper-parallax=\"-700\"><div class=\"block_layout_in\" style=\"\">\n<div class=\"wp-block-column block_layout_in\">\n<h1 class=\"wp-block-heading has-text-align-center has-monte-white-color has-text-color has-large-font-size\">SOBRE NOSOTROS<\/h1>\n\n\n\n<p class=\"has-text-align-center has-monte-white-color has-text-color has-normal-font-size\">                                    Xuye se especializa en la fabricaci\u00f3n de equipos de alta calidad para l\u00edneas de producci\u00f3n de carb\u00f3n activado y biomasa. <\/p>\n\n\n\n<p class=\"has-text-align-center has-monte-white-color has-text-color has-normal-font-size\">                               que ofrecen soluciones eficientes y ecol\u00f3gicas a las industrias centradas en la sostenibilidad y la conversi\u00f3n de residuos en recursos.<\/p>\n<\/div>\n<\/div><div class=\"layout_badh\"><div class=\"shizhezhao\" style=\"opacity:0.84;background-color:#8cc63f;\"><\/div><div class=\"PcOnly themepark-block_layout_ba lazyload swiper-lazy\" style=\"background-repeat:no-repeat;background-size:cover;\" data-background=\"http:\/\/www.xuyemachine.com\/wp-content\/uploads\/2025\/03\/banner-01.jpg\"><\/div><div class=\"MovePnly themepark-block_layout_ba lazyload swiper-move-lazy\" style=\"background-repeat:no-repeat;background-size:cover;\" data-background=\"http:\/\/www.xuyemachine.com\/wp-content\/uploads\/2025\/03\/banner-01.jpg\"><\/div><\/div><\/section>\n\n\n\n<section class=\"wp-block-themepark-block-themepark-area block_layout thempark-block undefined bom15 top15\" id=\"\" style=\"padding-bottom:23px;padding-top:28px;\" data-swiper-parallax=\"-700\"><div class=\"block_layout_in\" style=\"\">\n<div class=\"wp-block-column block_layout_in\">\n<div class=\"wp-block-themepark-block-themepark-wright content-super-p\" style=\"font-size:16px;line-height:25px;color:#666666;padding:10px 10px;\">\n<div class=\"wp-block-column\">\n<p>Henan Xuye Machinery Equipment Co., Ltd. es una empresa l\u00edder especializada en el dise\u00f1o y fabricaci\u00f3n de equipos de alta calidad para l\u00edneas de producci\u00f3n de carb\u00f3n activado y dispositivos de carbonizaci\u00f3n de biomasa. Con un fuerte compromiso con la sostenibilidad ambiental y la tecnolog\u00eda innovadora, Xuye ofrece soluciones fiables y eficientes a las industrias de todo el mundo.<\/p>\n\n\n\n<p>Nuestros equipos para l\u00edneas de producci\u00f3n de carb\u00f3n activado est\u00e1n dise\u00f1ados para satisfacer las diversas necesidades de varios sectores, como la purificaci\u00f3n del agua, la filtraci\u00f3n del aire y las aplicaciones industriales. Al incorporar tecnolog\u00eda avanzada, garantizamos que nuestros equipos produzcan carb\u00f3n activado con una calidad y eficiencia excepcionales, ayudando a las empresas a cumplir sus objetivos medioambientales y operativos.<\/p>\n\n\n\n<p>Adem\u00e1s, Xuye est\u00e1 a la vanguardia de la industria de carbonizaci\u00f3n de biomasa, proporcionando equipos de carbonizaci\u00f3n de biomasa de \u00faltima generaci\u00f3n que convierten los residuos org\u00e1nicos en valioso biocarb\u00f3n. Este proceso no s\u00f3lo ayuda a reducir los residuos, sino que tambi\u00e9n contribuye a la gesti\u00f3n sostenible de los recursos. Nuestros equipos de biocarb\u00f3n promueven pr\u00e1cticas ecol\u00f3gicas al mejorar la fertilidad del suelo y reducir las emisiones de gases de efecto invernadero.<\/p>\n\n\n\n<p>En Xuye, damos prioridad a la satisfacci\u00f3n del cliente y a la responsabilidad medioambiental. Nuestro equipo de expertos se dedica a ofrecer soluciones a medida que se alinean con las necesidades de nuestros clientes, garantizando un rendimiento \u00f3ptimo, la rentabilidad y el cumplimiento de las normas del sector. Con a\u00f1os de experiencia y una s\u00f3lida reputaci\u00f3n en la industria, Xuye contin\u00faa liderando el suministro de equipos avanzados y ecol\u00f3gicos para la carbonizaci\u00f3n de carb\u00f3n activado y biomasa.<\/p>\n<\/div>\n<\/div>\n\n\n\n<div class=\"wp-block-columns\">\n<div class=\"wp-block-column\">\n<section class=\"wp-block-themepark-block-themepark-imgtext thempark-block themepark_imgtext updonwmodle padingmodle leftright moveupd  undefined\" style=\"padding-top:52px;\"><div class=\"themepark_imgtext_text\" style=\"width:7%;text-align:right;\" data-swiper-parallax=\"-1600\">\n<div class=\"wp-block-column\">\n<p class=\"has-small-font-size\"><\/p>\n\n\n\n<h2 class=\"wp-block-heading has-monte-grey-color has-text-color has-large-font-size\">Soluciones de proyectos llave en mano<\/h2>\n\n\n\n<p class=\"has-text-align-left\">Xuye Company se especializa en proporcionar soluciones de ingenier\u00eda de equipos llave en mano y se compromete a proporcionar a los clientes servicios integrales de ventanilla \u00fanica. Desde la selecci\u00f3n de equipos, el dise\u00f1o, la fabricaci\u00f3n hasta la instalaci\u00f3n y puesta en marcha, adaptamos la mejor l\u00ednea de producci\u00f3n para usted con el fin de garantizar una implementaci\u00f3n eficiente y sin problemas del proyecto.<\/p>\n\n\n\n<p><\/p>\n<\/div>\n<\/div><div class=\"themepark_imgtext_img\" style=\"width:90%;text-align:right;\" data-swiper-parallax=\"-1800\"><img class=\"lazyload  swiper-lazy swiper-move-lazy\" style=\"\" data-src=\"http:\/\/www.xuyemachine.com\/wp-content\/uploads\/2025\/03\/xuye-worker-1.jpg\" alt=\"\"\/><\/div><div class=\"themepark_imgtext_ba\" style=\"opacity:1;\"><\/div><\/section>\n<\/div>\n\n\n\n<div class=\"wp-block-column\">\n<section class=\"wp-block-themepark-block-themepark-imgtext thempark-block themepark_imgtext updonwmodle padingmodle moveupd  undefined\" style=\"padding-top:56px;\"><div class=\"themepark_imgtext_img\" style=\"width:46%;text-align:left;\" data-swiper-parallax=\"-1800\"><figure class=\"wp-block-video\"><video class=\"themepark_imgtext_vidio\" poster=\"http:\/\/www.xuyemachine.com\/wp-content\/uploads\/2022\/06\/aboutgo2.jpg\" src=\"http:\/\/www.xuyemachine.com\/wp-content\/uploads\/2025\/03\/xuye-activated-carbon-kiln.mp4\" controls preload=\"auto\" loop><source src=\"http:\/\/www.xuyemachine.com\/wp-content\/uploads\/2025\/03\/xuye-activated-carbon-kiln.mp4\" type=\"video\/mp4\"\/><\/video><\/figure><img class=\"lazyload  swiper-lazy swiper-move-lazy\" style=\"\" data-src=\"http:\/\/www.xuyemachine.com\/wp-content\/uploads\/2022\/06\/aboutgo2.jpg\" alt=\"\"\/><\/div><div class=\"themepark_imgtext_text\" style=\"width:51%;text-align:left;\" data-swiper-parallax=\"-1600\">\n<div class=\"wp-block-column\">\n<p class=\"has-small-font-size\"><\/p>\n\n\n\n<h2 class=\"wp-block-heading has-monte-grey-color has-text-color has-large-font-size\">Servicio de alto nivel<\/h2>\n\n\n\n<section class=\"wp-block-themepark-block-themepark-listbox thempark-block themepark_listbox\" style=\"padding-top:5px;text-align:left;\"><ul class=\"themepark_listbox_list\" style=\"padding-left:0%;padding-right:2%;\"><li style=\"color:#272727;font-size:14px;line-height:24px;margin-bottom:3px;padding-left:29px;\"><i class=\"fas fa-check-square\" style=\"line-height:24px\"><\/i><span>Xuye se compromete a proporcionar equipos de alta calidad, utilizando tecnolog\u00eda de fabricaci\u00f3n avanzada y un estricto control de calidad.<\/span><\/li><li style=\"color:#272727;font-size:14px;line-height:24px;margin-bottom:3px;padding-left:29px;\"><i class=\"fas fa-check-square\" style=\"line-height:24px\"><\/i><span>Proporcionamos a los clientes servicios posventa completos, como instalaci\u00f3n y puesta en marcha de equipos, formaci\u00f3n t\u00e9cnica y resoluci\u00f3n de problemas.<\/span><\/li><li style=\"color:#272727;font-size:14px;line-height:24px;margin-bottom:3px;padding-left:29px;\"><i class=\"fas fa-check-square\" style=\"line-height:24px\"><\/i><span>De acuerdo con las diferentes necesidades de los clientes, Xuye proporciona soluciones a medida para garantizar que los equipos consigan los mejores resultados en aplicaciones espec\u00edficas.<\/span><\/li><li style=\"color:#272727;font-size:14px;line-height:24px;margin-bottom:3px;padding-left:29px;\"><i class=\"fas fa-check-square\" style=\"line-height:24px\"><\/i><span>Xuye proporciona a los clientes soporte t\u00e9cnico a largo plazo para garantizar el funcionamiento estable de los equipos, ayudando a los clientes a mejorar la eficiencia de la producci\u00f3n y ahorrar costes.<\/span><\/li><\/ul><div class=\"themepark_listbox_ba\" style=\"opacity:1;\"><\/div><\/section>\n<\/div>\n<\/div><div class=\"themepark_imgtext_ba\" style=\"opacity:1;\"><\/div><\/section>\n\n\n\n<p><\/p>\n<\/div>\n<\/div>\n<\/div>\n<\/div><div class=\"layout_badh\"><\/div><\/section>\n\n\n\n<p><\/p>","protected":false},"excerpt":{"rendered":"","protected":false},"author":2,"featured_media":0,"parent":0,"menu_order":0,"comment_status":"open","ping_status":"closed","template":"","meta":{"themepark_post_bcolor":"#f5f5f5","themepark_post_width":"100% dong","themepark_post_img":"","themepark_post_img_po":"left","themepark_post_img_re":false,"themepark_post_img_cover":false,"themepark_post_img_fixed":false,"themepark_post_hide_title":true,"themepark_post_main_b":"","themepark_post_main_p":100,"themepark_paddingblock":true,"footnotes":""},"class_list":["post-11","page","type-page","status-publish","hentry"],"_links":{"self":[{"href":"https:\/\/www.baoyuanjx.com\/es\/wp-json\/wp\/v2\/pages\/11","targetHints":{"allow":["GET"]}}],"collection":[{"href":"https:\/\/www.baoyuanjx.com\/es\/wp-json\/wp\/v2\/pages"}],"about":[{"href":"https:\/\/www.baoyuanjx.com\/es\/wp-json\/wp\/v2\/types\/page"}],"author":[{"embeddable":true,"href":"https:\/\/www.baoyuanjx.com\/es\/wp-json\/wp\/v2\/users\/2"}],"replies":[{"embeddable":true,"href":"https:\/\/www.baoyuanjx.com\/es\/wp-json\/wp\/v2\/comments?post=11"}],"version-history":[{"count":4,"href":"https:\/\/www.baoyuanjx.com\/es\/wp-json\/wp\/v2\/pages\/11\/revisions"}],"predecessor-version":[{"id":6404,"href":"https:\/\/www.baoyuanjx.com\/es\/wp-json\/wp\/v2\/pages\/11\/revisions\/6404"}],"wp:attachment":[{"href":"https:\/\/www.baoyuanjx.com\/es\/wp-json\/wp\/v2\/media?parent=11"}],"curies":[{"name":"wp","href":"https:\/\/api.w.org\/{rel}","templated":true}]}}